{"id":34,"date":"2016-03-14T21:35:00","date_gmt":"2016-03-14T20:35:00","guid":{"rendered":"https:\/\/newtransit.es\/en\/inicio\/"},"modified":"2023-12-19T13:17:41","modified_gmt":"2023-12-19T12:17:41","slug":"inicio","status":"publish","type":"page","link":"https:\/\/newtransit.es\/en\/","title":{"rendered":"Inicio"},"content":{"rendered":"<p>[vc_row full_width=&#8221;stretch_row_content_no_spaces&#8221;][vc_column][\/vc_column][\/vc_row][vc_row][vc_column]<div class=\"headline \"><h2>\u00bfQui\u00e9nes Somos?<\/h2><h6>New Transit de Levante<\/h6><\/div>[\/vc_column][\/vc_row][vc_row css=&#8221;.vc_custom_1431941686983{margin-top: 60px !important;}&#8221;][vc_column width=&#8221;1\/2&#8243;][vc_single_image image=&#8221;1428&#8243; img_size=&#8221;full&#8221;][\/vc_column][vc_column width=&#8221;1\/2&#8243;]<div class=\"headline-2 \"><h3>Presentaci\u00f3n<\/h3><\/div>[vc_column_text]<strong>New Transit de Levante, S.L.<\/strong> fu\u00e9 creada en Febrero de 1994 como transitario. Desde entonces se desarrollan actividades de transporte internacional en sus vertientes de terrestre, mar\u00edtimo y a\u00e9reo.<br \/>\nEn el campo de las aduanas efectuamos despachos de importaci\u00f3n, exportaci\u00f3n y tr\u00e1nsitos. A la infraestructura log\u00edstica se le a\u00f1ade un soporte de m\u00e9todos inform\u00e1ticos de una gran calidad y con la tecnolog\u00eda m\u00e1s actual.<\/p>\n<p>Adem\u00e1s New Transit es socio activo de\u00a0la asociaci\u00f3n de Transitarios <a href=\"http:\/\/www.ateia.org\">ATEIA<\/a> &#8211; VALENCIA desde la creaci\u00f3n de la sociedad.[\/vc_column_text][\/vc_column][\/vc_row][vc_row][vc_column]<div class=\"headline \"><h2>Nuestros servicios<\/h2><\/div>[\/vc_column][\/vc_row][vc_row css=&#8221;.vc_custom_1431945497810{margin-top: 50px !important;}&#8221;][vc_column width=&#8221;1\/2&#8243;]\n\t\t\t\t<div class=\"icon-box-1 \">\n\t\t\t\t\t<span><i class=\"ifc-mind_map\"><\/i><\/span>\n\t\t\t\t\t<div class=\"icon-box-content\">\n\t\t\t\t\t\t<h4><a href=\"#\">Log\u00edstica<\/a><\/h4>\n\t\t\t\t\t\t\n\t\t\t\t\t\t<\/p>\n<p>En <strong>New Transit<\/strong> estamos preparados para efectuar movimientos de cualquier tipo de mercanc\u00eda a cualquier parte del mundo gracias a la ampl\u00eda experiencia en el sector de nuestro personal as\u00ed como a la red de agentes y corresponsales con los que trabajamos alrededor del mundo.<\/p>\n<p>\n\t\t\t\t\t\t\n\t\t\t\t\t<\/div><!-- end .icon-box-content -->\n\t\t\t\t<\/div><!-- end .icon-box-1 -->[\/vc_column][vc_column width=&#8221;1\/2&#8243;]\n\t\t\t\t<div class=\"icon-box-1 \">\n\t\t\t\t\t<span><i class=\"ifc-workstation\"><\/i><\/span>\n\t\t\t\t\t<div class=\"icon-box-content\">\n\t\t\t\t\t\t<h4><a href=\"#\">Aduanas<\/a><\/h4>\n\t\t\t\t\t\t\n\t\t\t\t\t\t<\/p>\n<p><strong>New Transit<\/strong> cuenta con la autorizaci\u00f3n de la Agencia Tributaria de representaci\u00f3n aduanera para poder realizar despachos tanto de importaci\u00f3n como de exportaci\u00f3n as\u00ed como tr\u00e1nsitos.<\/p>\n<p>\n\t\t\t\t\t\t\n\t\t\t\t\t<\/div><!-- end .icon-box-content -->\n\t\t\t\t<\/div><!-- end .icon-box-1 -->[\/vc_column][\/vc_row][vc_row][vc_column]<p class=\"text-center\"><a href=\"\/servicios\/\" class=\"btn  btn-large\" style=\"\"  >Ver todos los servicios<\/a><\/p>[\/vc_column][\/vc_row]<\/p>\n","protected":false},"excerpt":{"rendered":"<p>[vc_row full_width=&#8221;stretch_row_content_no_spaces&#8221;][vc_column][\/vc_column][\/vc_row][vc_row][vc_column][\/vc_column][\/vc_row][vc_row css=&#8221;.vc_custom_1431941686983{margin-top: 60px !important;}&#8221;][vc_column width=&#8221;1\/2&#8243;][vc_single_image image=&#8221;1428&#8243; img_size=&#8221;full&#8221;][\/vc_column][vc_column width=&#8221;1\/2&#8243;][vc_column_text]New Transit de Levante, S.L. fu\u00e9 creada en Febrero de 1994 como transitario. Desde entonces se desarrollan actividades de transporte internacional en sus vertientes de terrestre, mar\u00edtimo y a\u00e9reo. En el campo de las aduanas efectuamos despachos de importaci\u00f3n, exportaci\u00f3n y tr\u00e1nsitos. A la infraestructura log\u00edstica se [&hellip;]<\/p>\n","protected":false},"author":3,"featured_media":0,"parent":0,"menu_order":0,"comment_status":"closed","ping_status":"closed","template":"","meta":{"footnotes":""},"_links":{"self":[{"href":"https:\/\/newtransit.es\/en\/wp-json\/wp\/v2\/pages\/34"}],"collection":[{"href":"https:\/\/newtransit.es\/en\/wp-json\/wp\/v2\/pages"}],"about":[{"href":"https:\/\/newtransit.es\/en\/wp-json\/wp\/v2\/types\/page"}],"author":[{"embeddable":true,"href":"https:\/\/newtransit.es\/en\/wp-json\/wp\/v2\/users\/3"}],"replies":[{"embeddable":true,"href":"https:\/\/newtransit.es\/en\/wp-json\/wp\/v2\/comments?post=34"}],"version-history":[{"count":21,"href":"https:\/\/newtransit.es\/en\/wp-json\/wp\/v2\/pages\/34\/revisions"}],"predecessor-version":[{"id":1511,"href":"https:\/\/newtransit.es\/en\/wp-json\/wp\/v2\/pages\/34\/revisions\/1511"}],"wp:attachment":[{"href":"https:\/\/newtransit.es\/en\/wp-json\/wp\/v2\/media?parent=34"}],"curies":[{"name":"wp","href":"https:\/\/api.w.org\/{rel}","templated":true}]}}