{"id":1213,"date":"2016-04-04T21:08:08","date_gmt":"2016-04-04T19:08:08","guid":{"rendered":"https:\/\/newtransit.es\/en\/services\/maritimos\/"},"modified":"2016-04-14T00:53:54","modified_gmt":"2016-04-13T22:53:54","slug":"maritimos","status":"publish","type":"page","link":"https:\/\/newtransit.es\/en\/services\/maritimos\/","title":{"rendered":"Mar\u00edtimos"},"content":{"rendered":"<p>[vc_row full_width=&#8221;&#8221; font_color=&#8221;&#8221; gmbt_prlx_bg_type=&#8221;parallax&#8221; gmbt_prlx_break_parents=&#8221;0&#8243; gmbt_prlx_smooth_scrolling=&#8221;&#8221; gmbt_prlx_video=&#8221;&#8221; gmbt_prlx_video_mute=&#8221;&#8221; gmbt_prlx_video_force_hd=&#8221;&#8221; gmbt_prlx_opacity=&#8221;100&#8243; gmbt_prlx_video_aspect_ratio=&#8221;16:9&#8243; gmbt_prlx_parallax=&#8221;none&#8221; gmbt_background_repeat=&#8221;&#8221; gmbt_background_position=&#8221;&#8221; gmbt_prlx_speed=&#8221;0.3&#8243; gmbt_prlx_enable_mobile=&#8221;&#8221;][vc_column width=&#8221;1\/1&#8243;][vc_column_text]<strong>New Transit de Levante, S.L.<\/strong> dispone de una red mundial de agentes que aseguran el control de la expedici\u00f3n en origen\/destino de los transportes que nos son encomendados.Realizamos todo tipo de transportes desde la factor\u00eda del proveedor hasta la factor\u00eda del cliente, encargandonos de todos los procesos de control de una forma exhaustiva desde que recogemos el producto hasta que es entregado al destinatario final.<\/p>\n<p><strong>New Transit de Levante, S.L.<\/strong> cubre toda clase de pedidos a nivel mar\u00edtimo tanto peque\u00f1os env\u00edos o grupage (LCL), hasta contenedores completos (FCL), tratando el cargamento con total garant\u00eda. Adem\u00e1s somos conscientes de que en transporte mar\u00edtimo es fundamental una correcta y cuidadosa manipulaci\u00f3n del producto.<\/p>\n<p><strong>New Transit de Levante, S.L.<\/strong> garantiza una entrega tanto r\u00e1pida como eficaz, ofrenciendo seg\u00fan el servicio que se deba realizar , el desarrollo m\u00e1s seguro y ventajoso. Nuestra compa\u00f1\u00eda cuenta con acuerdos que nos dotan de una notable preferencia con la mayor\u00eda de las l\u00edneas, lo que se puede interpretar como obtencion de mejores fletes y una total garant\u00eda de movimiento a nuestros clientes.[\/vc_column_text][\/vc_column][\/vc_row]<\/p>\n","protected":false},"excerpt":{"rendered":"<p>[vc_row full_width=&#8221;&#8221; font_color=&#8221;&#8221; gmbt_prlx_bg_type=&#8221;parallax&#8221; gmbt_prlx_break_parents=&#8221;0&#8243; gmbt_prlx_smooth_scrolling=&#8221;&#8221; gmbt_prlx_video=&#8221;&#8221; gmbt_prlx_video_mute=&#8221;&#8221; gmbt_prlx_video_force_hd=&#8221;&#8221; gmbt_prlx_opacity=&#8221;100&#8243; gmbt_prlx_video_aspect_ratio=&#8221;16:9&#8243; gmbt_prlx_parallax=&#8221;none&#8221; gmbt_background_repeat=&#8221;&#8221; gmbt_background_position=&#8221;&#8221; gmbt_prlx_speed=&#8221;0.3&#8243; gmbt_prlx_enable_mobile=&#8221;&#8221;][vc_column width=&#8221;1\/1&#8243;][vc_column_text]New Transit de Levante, S.L. dispone de una red mundial de agentes que aseguran el control de la expedici\u00f3n en origen\/destino de los transportes que nos son encomendados.Realizamos todo tipo de transportes desde la factor\u00eda del proveedor hasta la [&hellip;]<\/p>\n","protected":false},"author":3,"featured_media":1282,"parent":39,"menu_order":0,"comment_status":"closed","ping_status":"closed","template":"","meta":{"footnotes":""},"_links":{"self":[{"href":"https:\/\/newtransit.es\/en\/wp-json\/wp\/v2\/pages\/1213"}],"collection":[{"href":"https:\/\/newtransit.es\/en\/wp-json\/wp\/v2\/pages"}],"about":[{"href":"https:\/\/newtransit.es\/en\/wp-json\/wp\/v2\/types\/page"}],"author":[{"embeddable":true,"href":"https:\/\/newtransit.es\/en\/wp-json\/wp\/v2\/users\/3"}],"replies":[{"embeddable":true,"href":"https:\/\/newtransit.es\/en\/wp-json\/wp\/v2\/comments?post=1213"}],"version-history":[{"count":3,"href":"https:\/\/newtransit.es\/en\/wp-json\/wp\/v2\/pages\/1213\/revisions"}],"predecessor-version":[{"id":1229,"href":"https:\/\/newtransit.es\/en\/wp-json\/wp\/v2\/pages\/1213\/revisions\/1229"}],"up":[{"embeddable":true,"href":"https:\/\/newtransit.es\/en\/wp-json\/wp\/v2\/pages\/39"}],"wp:featuredmedia":[{"embeddable":true,"href":"https:\/\/newtransit.es\/en\/wp-json\/wp\/v2\/media\/1282"}],"wp:attachment":[{"href":"https:\/\/newtransit.es\/en\/wp-json\/wp\/v2\/media?parent=1213"}],"curies":[{"name":"wp","href":"https:\/\/api.w.org\/{rel}","templated":true}]}}